{"id":2156,"date":"2025-07-29T16:07:11","date_gmt":"2025-07-29T16:07:11","guid":{"rendered":"https:\/\/restavracija-mozart.si\/?page_id=2156"},"modified":"2026-03-07T22:56:30","modified_gmt":"2026-03-07T22:56:30","slug":"menu-furs","status":"publish","type":"page","link":"https:\/\/restavracija-mozart.si\/en\/menu-furs\/","title":{"rendered":"Menu FURS"},"content":{"rendered":"<div data-elementor-type=\"wp-page\" data-elementor-id=\"2156\" class=\"elementor elementor-2156\" data-elementor-post-type=\"page\">\n\t\t\t\t<div class=\"elementor-element elementor-element-58d177f e-con-full e-flex e-con e-parent\" data-id=\"58d177f\" data-element_type=\"container\" data-e-type=\"container\" data-settings=\"{&quot;background_background&quot;:&quot;classic&quot;}\">\n\t\t\t\t<div class=\"elementor-element elementor-element-dda1674 elementor-widget elementor-widget-heading\" data-id=\"dda1674\" data-element_type=\"widget\" data-e-type=\"widget\" data-widget_type=\"heading.default\">\n\t\t\t\t<div class=\"elementor-widget-container\">\n\t\t\t\t\t<h2 class=\"elementor-heading-title elementor-size-default\">Chef's Recommendation<\/h2>\t\t\t\t<\/div>\n\t\t\t\t<\/div>\n\t\t\t\t<div class=\"elementor-element elementor-element-9109d51 elementor-widget elementor-widget-html\" data-id=\"9109d51\" data-element_type=\"widget\" data-e-type=\"widget\" data-widget_type=\"html.default\">\n\t\t\t\t<div class=\"elementor-widget-container\">\n\t\t\t\t\t<div class=\"lang\">\n    <a href=\"https:\/\/restavracija-mozart.si\/sl_si\/menu_furs_slo\/\">\n    <div class=\"single-lang\"><img decoding=\"async\" src=\"https:\/\/restavracija-mozart.si\/wp-content\/uploads\/2024\/11\/Frame-5-1.svg\">\n        <p>Sloven\u0161\u010dina<\/p>\n    <\/div>\n    <\/a>\n    <a href=\"https:\/\/restavracija-mozart.si\/sl_si\/menu_furs_en\/\">\n    <div class=\"single-lang\"><img decoding=\"async\" src=\"https:\/\/restavracija-mozart.si\/wp-content\/uploads\/2024\/11\/Frame-5-1.svg\">\n        <p>English<\/p>\n    <\/div>\n    <\/a>\n<\/div>\n\n\n<style>\n\n<\/style>\t\t\t\t<\/div>\n\t\t\t\t<\/div>\n\t\t\t\t<\/div>\n\t\t\t\t<\/div>","protected":false},"excerpt":{"rendered":"<p>Kuhar priporo\u010da Sloven\u0161\u010dina English<\/p>","protected":false},"author":4,"featured_media":0,"parent":0,"menu_order":0,"comment_status":"closed","ping_status":"closed","template":"elementor_canvas","meta":{"site-sidebar-layout":"no-sidebar","site-content-layout":"","ast-site-content-layout":"full-width-container","site-content-style":"default","site-sidebar-style":"default","ast-global-header-display":"","ast-banner-title-visibility":"","ast-main-header-display":"","ast-hfb-above-header-display":"","ast-hfb-below-header-display":"","ast-hfb-mobile-header-display":"","site-post-title":"disabled","ast-breadcrumbs-content":"","ast-featured-img":"disabled","footer-sml-layout":"","theme-transparent-header-meta":"","adv-header-id-meta":"","stick-header-meta":"","header-above-stick-meta":"","header-main-stick-meta":"","header-below-stick-meta":"","astra-migrate-meta-layouts":"default","ast-page-background-enabled":"default","ast-page-background-meta":{"desktop":{"background-color":"var(--ast-global-color-4)","background-image":"","background-repeat":"repeat","background-position":"center center","background-size":"auto","background-attachment":"scroll","background-type":"","background-media":"","overlay-type":"","overlay-color":"","overlay-opacity":"","overlay-gradient":""},"tablet":{"background-color":"","background-image":"","background-repeat":"repeat","background-position":"center center","background-size":"auto","background-attachment":"scroll","background-type":"","background-media":"","overlay-type":"","overlay-color":"","overlay-opacity":"","overlay-gradient":""},"mobile":{"background-color":"","background-image":"","background-repeat":"repeat","background-position":"center center","background-size":"auto","background-attachment":"scroll","background-type":"","background-media":"","overlay-type":"","overlay-color":"","overlay-opacity":"","overlay-gradient":""}},"ast-content-background-meta":{"desktop":{"background-color":"var(--ast-global-color-5)","background-image":"","background-repeat":"repeat","background-position":"center center","background-size":"auto","background-attachment":"scroll","background-type":"","background-media":"","overlay-type":"","overlay-color":"","overlay-opacity":"","overlay-gradient":""},"tablet":{"background-color":"var(--ast-global-color-5)","background-image":"","background-repeat":"repeat","background-position":"center center","background-size":"auto","background-attachment":"scroll","background-type":"","background-media":"","overlay-type":"","overlay-color":"","overlay-opacity":"","overlay-gradient":""},"mobile":{"background-color":"var(--ast-global-color-5)","background-image":"","background-repeat":"repeat","background-position":"center center","background-size":"auto","background-attachment":"scroll","background-type":"","background-media":"","overlay-type":"","overlay-color":"","overlay-opacity":"","overlay-gradient":""}},"footnotes":""},"class_list":["post-2156","page","type-page","status-publish","hentry"],"acf":[],"_links":{"self":[{"href":"https:\/\/restavracija-mozart.si\/en\/wp-json\/wp\/v2\/pages\/2156","targetHints":{"allow":["GET"]}}],"collection":[{"href":"https:\/\/restavracija-mozart.si\/en\/wp-json\/wp\/v2\/pages"}],"about":[{"href":"https:\/\/restavracija-mozart.si\/en\/wp-json\/wp\/v2\/types\/page"}],"author":[{"embeddable":true,"href":"https:\/\/restavracija-mozart.si\/en\/wp-json\/wp\/v2\/users\/4"}],"replies":[{"embeddable":true,"href":"https:\/\/restavracija-mozart.si\/en\/wp-json\/wp\/v2\/comments?post=2156"}],"version-history":[{"count":55,"href":"https:\/\/restavracija-mozart.si\/en\/wp-json\/wp\/v2\/pages\/2156\/revisions"}],"predecessor-version":[{"id":2450,"href":"https:\/\/restavracija-mozart.si\/en\/wp-json\/wp\/v2\/pages\/2156\/revisions\/2450"}],"wp:attachment":[{"href":"https:\/\/restavracija-mozart.si\/en\/wp-json\/wp\/v2\/media?parent=2156"}],"curies":[{"name":"wp","href":"https:\/\/api.w.org\/{rel}","templated":true}]}}