{"id":2154,"date":"2025-07-29T16:06:16","date_gmt":"2025-07-29T16:06:16","guid":{"rendered":"https:\/\/restavracija-mozart.si\/?page_id=2154"},"modified":"2026-03-07T22:56:21","modified_gmt":"2026-03-07T22:56:21","slug":"menu-mozart","status":"publish","type":"page","link":"https:\/\/restavracija-mozart.si\/en\/menu-mozart\/","title":{"rendered":"Menu Mozart"},"content":{"rendered":"<div data-elementor-type=\"wp-page\" data-elementor-id=\"2154\" class=\"elementor elementor-2154\" data-elementor-post-type=\"page\">\n\t\t\t\t<div class=\"elementor-element elementor-element-7990fc7 e-con-full e-flex e-con e-parent\" data-id=\"7990fc7\" data-element_type=\"container\" data-e-type=\"container\" data-settings=\"{&quot;background_background&quot;:&quot;classic&quot;}\">\n\t\t\t\t<div class=\"elementor-element elementor-element-7c6cf40 elementor-widget elementor-widget-heading\" data-id=\"7c6cf40\" data-element_type=\"widget\" data-e-type=\"widget\" data-widget_type=\"heading.default\">\n\t\t\t\t<div class=\"elementor-widget-container\">\n\t\t\t\t\t<h2 class=\"elementor-heading-title elementor-size-default\">Chef's Recommendation<\/h2>\t\t\t\t<\/div>\n\t\t\t\t<\/div>\n\t\t\t\t<div class=\"elementor-element elementor-element-9a006bc elementor-widget elementor-widget-html\" data-id=\"9a006bc\" data-element_type=\"widget\" data-e-type=\"widget\" data-widget_type=\"html.default\">\n\t\t\t\t<div class=\"elementor-widget-container\">\n\t\t\t\t\t\n<div class=\"lang\">\n   \n    \n\n    <a href=\"https:\/\/restavracija-mozart.si\/sl_si\/menu-mozart-slovenscina\/\">\n    <div class=\"single-lang\">\n        <img decoding=\"async\" src=\"https:\/\/restavracija-mozart.si\/wp-content\/uploads\/2024\/11\/Frame-5-1.svg\">\n        <p>Sloven\u0161\u010dina<\/p>\n    <\/div>\n    <\/a>\n    <a href=\"https:\/\/restavracija-mozart.si\/sl_si\/menu-mozart-english\/\">\n    <div class=\"single-lang\">\n        <img decoding=\"async\" src=\"https:\/\/restavracija-mozart.si\/wp-content\/uploads\/2024\/11\/Frame-5-1.svg\">\n        <p>English<\/p>\n    <\/div>\n    <\/a>\n<\/div>\n\n\n<style>\n\n<\/style>\t\t\t\t<\/div>\n\t\t\t\t<\/div>\n\t\t\t\t<\/div>\n\t\t\t\t<\/div>","protected":false},"excerpt":{"rendered":"<p>Kuhar priporo\u010da Sloven\u0161\u010dina English<\/p>","protected":false},"author":4,"featured_media":0,"parent":0,"menu_order":0,"comment_status":"closed","ping_status":"closed","template":"elementor_canvas","meta":{"site-sidebar-layout":"no-sidebar","site-content-layout":"","ast-site-content-layout":"full-width-container","site-content-style":"default","site-sidebar-style":"default","ast-global-header-display":"","ast-banner-title-visibility":"","ast-main-header-display":"","ast-hfb-above-header-display":"","ast-hfb-below-header-display":"","ast-hfb-mobile-header-display":"","site-post-title":"disabled","ast-breadcrumbs-content":"","ast-featured-img":"disabled","footer-sml-layout":"","theme-transparent-header-meta":"","adv-header-id-meta":"","stick-header-meta":"","header-above-stick-meta":"","header-main-stick-meta":"","header-below-stick-meta":"","astra-migrate-meta-layouts":"default","ast-page-background-enabled":"default","ast-page-background-meta":{"desktop":{"background-color":"var(--ast-global-color-4)","background-image":"","background-repeat":"repeat","background-position":"center center","background-size":"auto","background-attachment":"scroll","background-type":"","background-media":"","overlay-type":"","overlay-color":"","overlay-opacity":"","overlay-gradient":""},"tablet":{"background-color":"","background-image":"","background-repeat":"repeat","background-position":"center center","background-size":"auto","background-attachment":"scroll","background-type":"","background-media":"","overlay-type":"","overlay-color":"","overlay-opacity":"","overlay-gradient":""},"mobile":{"background-color":"","background-image":"","background-repeat":"repeat","background-position":"center center","background-size":"auto","background-attachment":"scroll","background-type":"","background-media":"","overlay-type":"","overlay-color":"","overlay-opacity":"","overlay-gradient":""}},"ast-content-background-meta":{"desktop":{"background-color":"var(--ast-global-color-5)","background-image":"","background-repeat":"repeat","background-position":"center center","background-size":"auto","background-attachment":"scroll","background-type":"","background-media":"","overlay-type":"","overlay-color":"","overlay-opacity":"","overlay-gradient":""},"tablet":{"background-color":"var(--ast-global-color-5)","background-image":"","background-repeat":"repeat","background-position":"center center","background-size":"auto","background-attachment":"scroll","background-type":"","background-media":"","overlay-type":"","overlay-color":"","overlay-opacity":"","overlay-gradient":""},"mobile":{"background-color":"var(--ast-global-color-5)","background-image":"","background-repeat":"repeat","background-position":"center center","background-size":"auto","background-attachment":"scroll","background-type":"","background-media":"","overlay-type":"","overlay-color":"","overlay-opacity":"","overlay-gradient":""}},"footnotes":""},"class_list":["post-2154","page","type-page","status-publish","hentry"],"acf":[],"_links":{"self":[{"href":"https:\/\/restavracija-mozart.si\/en\/wp-json\/wp\/v2\/pages\/2154","targetHints":{"allow":["GET"]}}],"collection":[{"href":"https:\/\/restavracija-mozart.si\/en\/wp-json\/wp\/v2\/pages"}],"about":[{"href":"https:\/\/restavracija-mozart.si\/en\/wp-json\/wp\/v2\/types\/page"}],"author":[{"embeddable":true,"href":"https:\/\/restavracija-mozart.si\/en\/wp-json\/wp\/v2\/users\/4"}],"replies":[{"embeddable":true,"href":"https:\/\/restavracija-mozart.si\/en\/wp-json\/wp\/v2\/comments?post=2154"}],"version-history":[{"count":46,"href":"https:\/\/restavracija-mozart.si\/en\/wp-json\/wp\/v2\/pages\/2154\/revisions"}],"predecessor-version":[{"id":2444,"href":"https:\/\/restavracija-mozart.si\/en\/wp-json\/wp\/v2\/pages\/2154\/revisions\/2444"}],"wp:attachment":[{"href":"https:\/\/restavracija-mozart.si\/en\/wp-json\/wp\/v2\/media?parent=2154"}],"curies":[{"name":"wp","href":"https:\/\/api.w.org\/{rel}","templated":true}]}}